{"id":2458,"date":"2023-12-06T19:48:58","date_gmt":"2023-12-06T19:48:58","guid":{"rendered":"https:\/\/www.fssbrasil.com.br\/site\/?page_id=2458"},"modified":"2023-12-07T12:25:20","modified_gmt":"2023-12-07T12:25:20","slug":"noticias","status":"publish","type":"page","link":"https:\/\/www.fssbrasil.com.br\/site\/noticias\/","title":{"rendered":"Not\u00edcias"},"content":{"rendered":"\t\t<div data-elementor-type=\"wp-page\" data-elementor-id=\"2458\" class=\"elementor elementor-2458\">\n\t\t\t\t\t\t<section class=\"elementor-section elementor-top-section elementor-element elementor-element-3e847cf elementor-section-boxed elementor-section-height-default elementor-section-height-default\" data-id=\"3e847cf\" data-element_type=\"section\">\n\t\t\t\t\t\t<div class=\"elementor-container elementor-column-gap-default\">\n\t\t\t\t\t<div class=\"elementor-column elementor-col-100 elementor-top-column elementor-element elementor-element-18bf796\" data-id=\"18bf796\" data-element_type=\"column\">\n\t\t\t<div class=\"elementor-widget-wrap elementor-element-populated\">\n\t\t\t\t\t\t<div class=\"elementor-element elementor-element-910f4df elementor-widget elementor-widget-heading\" data-id=\"910f4df\" data-element_type=\"widget\" data-widget_type=\"heading.default\">\n\t\t\t\t<div class=\"elementor-widget-container\">\n\t\t\t\t\t<h1 class=\"elementor-heading-title elementor-size-default\">Not\u00edcias<\/h1>\t\t\t\t<\/div>\n\t\t\t\t<\/div>\n\t\t\t\t\t<\/div>\n\t\t<\/div>\n\t\t\t\t\t<\/div>\n\t\t<\/section>\n\t\t\t\t<section class=\"elementor-section elementor-top-section elementor-element elementor-element-2f548af elementor-section-boxed elementor-section-height-default elementor-section-height-default\" data-id=\"2f548af\" data-element_type=\"section\">\n\t\t\t\t\t\t<div class=\"elementor-container elementor-column-gap-default\">\n\t\t\t\t\t<div class=\"elementor-column elementor-col-100 elementor-top-column elementor-element elementor-element-58745a8\" data-id=\"58745a8\" data-element_type=\"column\">\n\t\t\t<div class=\"elementor-widget-wrap elementor-element-populated\">\n\t\t\t\t\t\t<div class=\"elementor-element elementor-element-d58d335 elementor-widget elementor-widget-spacer\" data-id=\"d58d335\" data-element_type=\"widget\" data-widget_type=\"spacer.default\">\n\t\t\t\t<div class=\"elementor-widget-container\">\n\t\t\t\t\t\t\t<div class=\"elementor-spacer\">\n\t\t\t<div class=\"elementor-spacer-inner\"><\/div>\n\t\t<\/div>\n\t\t\t\t\t\t<\/div>\n\t\t\t\t<\/div>\n\t\t\t\t\t<\/div>\n\t\t<\/div>\n\t\t\t\t\t<\/div>\n\t\t<\/section>\n\t\t\t\t<section class=\"elementor-section elementor-top-section elementor-element elementor-element-463fd8b elementor-section-boxed elementor-section-height-default elementor-section-height-default\" data-id=\"463fd8b\" data-element_type=\"section\">\n\t\t\t\t\t\t<div class=\"elementor-container elementor-column-gap-default\">\n\t\t\t\t\t<div class=\"elementor-column elementor-col-33 elementor-top-column elementor-element elementor-element-86eebeb\" data-id=\"86eebeb\" data-element_type=\"column\">\n\t\t\t<div class=\"elementor-widget-wrap elementor-element-populated\">\n\t\t\t\t\t\t<div class=\"elementor-element elementor-element-734d8d9 elementor-widget elementor-widget-text-editor\" data-id=\"734d8d9\" data-element_type=\"widget\" data-widget_type=\"text-editor.default\">\n\t\t\t\t<div class=\"elementor-widget-container\">\n\t\t\t\t\t\t\t\t\tA FSS Brasil &#8211; Flight Simulator System  finalizou sua participa\u00e7\u00e3o em mais uma excelente LAAD Defence and Security.\n<\/br>\n<\/br>\nGostar\u00edamos de aproveitar este espa\u00e7o para agradecer pelas visitas de todas as autoridades brasileiras e de todo o mundo, interessadas em nossas solu\u00e7\u00f5es e servi\u00e7os. \n<\/br>\n<\/br>\nDurante a feira, demonstramos aplica\u00e7\u00f5es da nossa MUSE Su\u00edte, que incluem o motor de simula\u00e7\u00e3o, nosso CGF, Gerador de Imagem e Simula\u00e7\u00e3o baseada em f\u00edsica de Radares, em um Simulador Reconfigur\u00e1vel, um Cockpit do #f16 Fighting Falcon e um painel t\u00e1tico do ambiente simulado.\n<\/br>\n<\/br>\nA FSS Brasil \u00e9 uma empresa de capital humano 100% nacional, com capacidade de desenvolver solu\u00e7\u00f5es estado-da-arte de simula\u00e7\u00e3o e exportar sua #tecnologia e servi\u00e7os a clientes em todo o mundo.\t\t\t\t\t\t\t\t<\/div>\n\t\t\t\t<\/div>\n\t\t\t\t\t<\/div>\n\t\t<\/div>\n\t\t\t\t<div class=\"elementor-column elementor-col-66 elementor-top-column elementor-element elementor-element-f71e09d\" data-id=\"f71e09d\" data-element_type=\"column\">\n\t\t\t<div class=\"elementor-widget-wrap elementor-element-populated\">\n\t\t\t\t\t\t<div class=\"elementor-element elementor-element-d6a534b elementor-widget__width-initial elementor-widget elementor-widget-image\" data-id=\"d6a534b\" data-element_type=\"widget\" data-widget_type=\"image.default\">\n\t\t\t\t<div class=\"elementor-widget-container\">\n\t\t\t\t\t\t\t\t\t\t\t\t\t\t\t\t<a href=\"https:\/\/mlbp1smhvtqs.i.optimole.com\/w:auto\/h:auto\/q:mauto\/f:best\/id:eb4774384dc8d18031704a38e82ca27c\/https:\/\/www.fssbrasil.com.br\/fss.jpeg\" data-elementor-open-lightbox=\"yes\" data-elementor-lightbox-title=\"fss\" data-e-action-hash=\"#elementor-action%3Aaction%3Dlightbox%26settings%3DeyJpZCI6MjQ3MywidXJsIjoiaHR0cHM6XC9cL21sYnAxc21odnRxcy5pLm9wdGltb2xlLmNvbVwvdzphdXRvXC9oOmF1dG9cL3E6bWF1dG9cL3Byb2Nlc3M6MjQ3M1wvaWQ6ZWI0Nzc0Mzg0ZGM4ZDE4MDMxNzA0YTM4ZTgyY2EyN2NcL2h0dHBzOlwvXC93d3cuZnNzYnJhc2lsLmNvbS5iclwvZnNzLmpwZWcifQ%3D%3D\">\n\t\t\t\t\t\t\t<img fetchpriority=\"high\" decoding=\"async\" src=\"https:\/\/mlbp1smhvtqs.i.optimole.com\/w:auto\/h:auto\/q:mauto\/f:best\/id:eb4774384dc8d18031704a38e82ca27c\/https:\/\/www.fssbrasil.com.br\/fss.jpeg\" title=\"fss\" alt=\"fss\" loading=\"lazy\" \/>\t\t\t\t\t\t\t\t<\/a>\n\t\t\t\t\t\t\t\t\t\t\t\t\t\t\t<\/div>\n\t\t\t\t<\/div>\n\t\t\t\t\t<\/div>\n\t\t<\/div>\n\t\t\t\t\t<\/div>\n\t\t<\/section>\n\t\t\t\t<section class=\"elementor-section elementor-top-section elementor-element elementor-element-a35a4d2 elementor-section-boxed elementor-section-height-default elementor-section-height-default\" data-id=\"a35a4d2\" data-element_type=\"section\">\n\t\t\t\t\t\t<div class=\"elementor-container elementor-column-gap-default\">\n\t\t\t\t\t<div class=\"elementor-column elementor-col-100 elementor-top-column elementor-element elementor-element-272f257\" data-id=\"272f257\" data-element_type=\"column\">\n\t\t\t<div class=\"elementor-widget-wrap\">\n\t\t\t\t\t\t\t<\/div>\n\t\t<\/div>\n\t\t\t\t\t<\/div>\n\t\t<\/section>\n\t\t\t\t<section class=\"elementor-section elementor-top-section elementor-element elementor-element-37165ff elementor-section-boxed elementor-section-height-default elementor-section-height-default\" data-id=\"37165ff\" data-element_type=\"section\">\n\t\t\t\t\t\t<div class=\"elementor-container elementor-column-gap-default\">\n\t\t\t\t\t<div class=\"elementor-column elementor-col-66 elementor-top-column elementor-element elementor-element-a6fd721\" data-id=\"a6fd721\" data-element_type=\"column\">\n\t\t\t<div class=\"elementor-widget-wrap elementor-element-populated\">\n\t\t\t\t\t\t<div class=\"elementor-element elementor-element-4e68fc1 elementor-widget elementor-widget-image\" data-id=\"4e68fc1\" data-element_type=\"widget\" data-widget_type=\"image.default\">\n\t\t\t\t<div class=\"elementor-widget-container\">\n\t\t\t\t\t\t\t\t\t\t\t\t\t\t\t<img fetchpriority=\"high\" decoding=\"async\" width=\"482\" height=\"480\" src=\"https:\/\/mlbp1smhvtqs.i.optimole.com\/w:auto\/h:auto\/q:mauto\/f:best\/id:48784b95446c81b32ee44bc074d3e849\/https:\/\/www.fssbrasil.com.br\/fss1.jpeg\" class=\"attachment-full size-full wp-image-2474\" alt=\"\" srcset=\"https:\/\/mlbp1smhvtqs.i.optimole.com\/w:300\/h:300\/q:mauto\/f:best\/id:48784b95446c81b32ee44bc074d3e849\/https:\/\/www.fssbrasil.com.br\/fss1.jpeg 300w, https:\/\/mlbp1smhvtqs.i.optimole.com\/w:150\/h:150\/q:mauto\/f:best\/id:48784b95446c81b32ee44bc074d3e849\/https:\/\/www.fssbrasil.com.br\/fss1.jpeg 150w, https:\/\/mlbp1smhvtqs.i.optimole.com\/w:auto\/h:auto\/q:mauto\/f:best\/id:48784b95446c81b32ee44bc074d3e849\/https:\/\/www.fssbrasil.com.br\/fss1.jpeg 482w\" sizes=\"(max-width: 482px) 100vw, 482px\" \/>\t\t\t\t\t\t\t\t\t\t\t\t\t\t\t<\/div>\n\t\t\t\t<\/div>\n\t\t\t\t\t<\/div>\n\t\t<\/div>\n\t\t\t\t<div class=\"elementor-column elementor-col-33 elementor-top-column elementor-element elementor-element-74cde80\" data-id=\"74cde80\" data-element_type=\"column\">\n\t\t\t<div class=\"elementor-widget-wrap elementor-element-populated\">\n\t\t\t\t\t\t<div class=\"elementor-element elementor-element-b49bef5 elementor-widget elementor-widget-text-editor\" data-id=\"b49bef5\" data-element_type=\"widget\" data-widget_type=\"text-editor.default\">\n\t\t\t\t<div class=\"elementor-widget-container\">\n\t\t\t\t\t\t\t\t\tA FSS Brasil &#8211; Flight Simulator System e a For\u00e7a A\u00e9rea Brasileira &#8211; FAB, atrav\u00e9s da equipe do Centro de Computa\u00e7\u00e3o da Aeron\u00e1utica de S\u00e3o Jos\u00e9 dos Campos, assinaram nesta manh\u00e3 o contrato de manuten\u00e7\u00e3o e suporte log\u00edstico (CLS) das esta\u00e7\u00f5es que apoiam a miss\u00e3o de sua frota de aeronaves F-5BR e A-29 Super Tucano, permitindo que o piloto realize o debriefing da miss\u00e3o real, verificando os acertos e \u00f3bices em rela\u00e7\u00e3o \u00e0 miss\u00e3o planejada.\n<\/br>\n<\/br>\nS\u00e3o 30 esta\u00e7\u00f5es distribu\u00eddas entre 8 diferentes localidades, sendo elas: Natal, RN; Boa Vista, RR; Porto Velho, RO; Campo Grande, MS; Rio de Janeiro, RJ; Canoas, RS; An\u00e1polis, GO; e Academia da For\u00e7a A\u00e9rea, em Pirassununga, SP.\n<\/br>\n<\/br>\nAs esta\u00e7\u00f5es foram originalmente desenvolvidas por outra empresa, e tem desafios importantes para a sua manuten\u00e7\u00e3o, considerando a idade avan\u00e7ada caracter\u00edsticas no desenvolvimento do software que tornam sua manuten\u00e7\u00e3o invi\u00e1vel.\n<\/br>\n<\/br>\nPor estas raz\u00f5es, e visando mitigar atuais problemas de performance e disponibilidade das esta\u00e7\u00f5es causados pela acentuada obsolesc\u00eancia dos sistemas, a FSS Brasil incluiu em seu escopo a moderniza\u00e7\u00e3o dos equipamentos, com a substitui\u00e7\u00e3o completa do sistema de software defasado e a revis\u00e3o do hardware das esta\u00e7\u00f5es e de leitura dos cartuchos, modernizando ambos e, ainda assim, mantendo a compatibilidade com os padr\u00f5es anteriores.\n<\/br>\n<\/br>\nToda a tecnologia empregada para a moderniza\u00e7\u00e3o ser\u00e1 desenvolvida pela FSS Brasil, que mant\u00e9m um trabalho de evolu\u00e7\u00e3o continuada das solu\u00e7\u00f5es de e equipes de suporte nas regi\u00f5es sudeste e norte do pa\u00eds, atendendo contratos de CLS no Brasil e exterior.\t\t\t\t\t\t\t\t<\/div>\n\t\t\t\t<\/div>\n\t\t\t\t\t<\/div>\n\t\t<\/div>\n\t\t\t\t\t<\/div>\n\t\t<\/section>\n\t\t\t\t<section class=\"elementor-section elementor-top-section elementor-element elementor-element-42f68c5 elementor-section-boxed elementor-section-height-default elementor-section-height-default\" data-id=\"42f68c5\" data-element_type=\"section\">\n\t\t\t\t\t\t<div class=\"elementor-container elementor-column-gap-default\">\n\t\t\t\t\t<div class=\"elementor-column elementor-col-100 elementor-top-column elementor-element elementor-element-87908e9\" data-id=\"87908e9\" data-element_type=\"column\">\n\t\t\t<div class=\"elementor-widget-wrap elementor-element-populated\">\n\t\t\t\t\t\t<div class=\"elementor-element elementor-element-a093749 elementor-widget elementor-widget-spacer\" data-id=\"a093749\" data-element_type=\"widget\" data-widget_type=\"spacer.default\">\n\t\t\t\t<div class=\"elementor-widget-container\">\n\t\t\t\t\t\t\t<div class=\"elementor-spacer\">\n\t\t\t<div class=\"elementor-spacer-inner\"><\/div>\n\t\t<\/div>\n\t\t\t\t\t\t<\/div>\n\t\t\t\t<\/div>\n\t\t\t\t\t<\/div>\n\t\t<\/div>\n\t\t\t\t\t<\/div>\n\t\t<\/section>\n\t\t\t\t<section class=\"elementor-section elementor-top-section elementor-element elementor-element-9e86cff elementor-section-boxed elementor-section-height-default elementor-section-height-default\" data-id=\"9e86cff\" data-element_type=\"section\">\n\t\t\t\t\t\t<div class=\"elementor-container elementor-column-gap-default\">\n\t\t\t\t\t<div class=\"elementor-column elementor-col-33 elementor-top-column elementor-element elementor-element-2d963c5\" data-id=\"2d963c5\" data-element_type=\"column\">\n\t\t\t<div class=\"elementor-widget-wrap elementor-element-populated\">\n\t\t\t\t\t\t<div class=\"elementor-element elementor-element-7ede28a elementor-widget elementor-widget-text-editor\" data-id=\"7ede28a\" data-element_type=\"widget\" data-widget_type=\"text-editor.default\">\n\t\t\t\t<div class=\"elementor-widget-container\">\n\t\t\t\t\t\t\t\t\tVinhedo &#8211; SP, Brasil \u2013 A FSS Brasil &#8211; Flight Simulator System e a For\u00e7a A\u00e9rea Brasileira &#8211; FAB, atrav\u00e9s da equipe do Centro de Computa\u00e7\u00e3o da Aeron\u00e1utica de S\u00e3o Jos\u00e9 dos Campos, assinaram nesta manh\u00e3 o contrato de manuten\u00e7\u00e3o de seus simuladores das aeronaves F-5BR e A-29 Super Tucano, que comp\u00f5e a espinha dorsal do treinamento dos ca\u00e7adores da FAB.\n<\/br>\n<\/br>\nOs 7 simuladores est\u00e3o distribu\u00eddos entre 6 diferentes localidades, sendo elas: Natal, RN; Boa Vista, RR; Porto Velho, RO; Campo Grande, MS; Rio de Janeiro, RJ; e Canoas, RS.\n<\/br>\n<\/br>\nOs simuladores, originalmente desenvolvidos por outra empresa, tem desafios importantes para a sua manuten\u00e7\u00e3o, considerando a idade avan\u00e7ada e o emprego de solu\u00e7\u00f5es estrangeiras desatualizadas e fechadas.\n<\/br>\n<\/br>\nPor estas raz\u00f5es, e visando mitigar atuais problemas de performance e disponibilidade dos simuladores causados pela acentuada obsolesc\u00eancia dos sistemas, a FSS Brasil incluiu em seu escopo a moderniza\u00e7\u00e3o dos simuladores, com a substitui\u00e7\u00e3o completa do sistema defasado pela plataforma MUSE (Modular Universal Simulation Environment), incluindo um novo motor de simula\u00e7\u00e3o, Gerador de Imagem, CGF e a substitui\u00e7\u00e3o de avi\u00f4nicos do cockpit por elementos virtualizados de fun\u00e7\u00e3o e caracter\u00edsticas id\u00eanticas.\n<\/br>\n<\/br>\nEsta tecnologia \u00e9 desenvolvida pela FSS Brasil &#8211; Flight Simulator System, que mant\u00e9m um trabalho de evolu\u00e7\u00e3o continuada das solu\u00e7\u00f5es de e equipes de suporte nas regi\u00f5es sudeste e norte do pa\u00eds, atendendo contratos no Brasil e exterior.\n<\/br>\n<\/br>\nA su\u00edte de solu\u00e7\u00f5es MUSE (Modular Universal Simulation Environment) inclui capacidades de um CGF (Computer Generated Forces), Gera\u00e7\u00e3o de Imagem 3D, incorpora\u00e7\u00e3o de sensores simulados baseados em f\u00edsica (COMPRO RTK &#8211; Radar Toolkit) e a configura\u00e7\u00e3o de cen\u00e1rios de combate, com aplica\u00e7\u00e3o no desenvolvimento desde simuladores man-in-the-loop at\u00e9 sistemas de simula\u00e7\u00e3o construtiva para an\u00e1lise operacional, estimula\u00e7\u00e3o de exerc\u00edcios de combate e an\u00e1lise de cursos de a\u00e7\u00e3o.\t\t\t\t\t\t\t\t<\/div>\n\t\t\t\t<\/div>\n\t\t\t\t\t<\/div>\n\t\t<\/div>\n\t\t\t\t<div class=\"elementor-column elementor-col-66 elementor-top-column elementor-element elementor-element-6b3a568\" data-id=\"6b3a568\" data-element_type=\"column\">\n\t\t\t<div class=\"elementor-widget-wrap elementor-element-populated\">\n\t\t\t\t\t\t<div class=\"elementor-element elementor-element-ad591fe elementor-widget elementor-widget-image\" data-id=\"ad591fe\" data-element_type=\"widget\" data-widget_type=\"image.default\">\n\t\t\t\t<div class=\"elementor-widget-container\">\n\t\t\t\t\t\t\t\t\t\t\t\t\t\t\t<img fetchpriority=\"high\" decoding=\"async\" width=\"592\" height=\"395\" src=\"https:\/\/mlbp1smhvtqs.i.optimole.com\/w:auto\/h:auto\/q:mauto\/f:best\/id:d03bad716c66e0ac64eda6d2055e5d8c\/https:\/\/www.fssbrasil.com.br\/fss2.jpeg\" class=\"attachment-large size-large wp-image-2475\" alt=\"\" srcset=\"https:\/\/mlbp1smhvtqs.i.optimole.com\/w:300\/h:200\/q:mauto\/f:best\/id:d03bad716c66e0ac64eda6d2055e5d8c\/https:\/\/www.fssbrasil.com.br\/fss2.jpeg 300w, https:\/\/mlbp1smhvtqs.i.optimole.com\/w:auto\/h:auto\/q:mauto\/f:best\/id:d03bad716c66e0ac64eda6d2055e5d8c\/https:\/\/www.fssbrasil.com.br\/fss2.jpeg 592w\" sizes=\"(max-width: 592px) 100vw, 592px\" \/>\t\t\t\t\t\t\t\t\t\t\t\t\t\t\t<\/div>\n\t\t\t\t<\/div>\n\t\t\t\t\t<\/div>\n\t\t<\/div>\n\t\t\t\t\t<\/div>\n\t\t<\/section>\n\t\t\t\t<section class=\"elementor-section elementor-top-section elementor-element elementor-element-1ffe36d elementor-section-boxed elementor-section-height-default elementor-section-height-default\" data-id=\"1ffe36d\" data-element_type=\"section\">\n\t\t\t\t\t\t<div class=\"elementor-container elementor-column-gap-default\">\n\t\t\t\t\t<div class=\"elementor-column elementor-col-100 elementor-top-column elementor-element elementor-element-8abaa6f\" data-id=\"8abaa6f\" data-element_type=\"column\">\n\t\t\t<div class=\"elementor-widget-wrap elementor-element-populated\">\n\t\t\t\t\t\t<div class=\"elementor-element elementor-element-70dbfbf elementor-widget elementor-widget-spacer\" data-id=\"70dbfbf\" data-element_type=\"widget\" data-widget_type=\"spacer.default\">\n\t\t\t\t<div class=\"elementor-widget-container\">\n\t\t\t\t\t\t\t<div class=\"elementor-spacer\">\n\t\t\t<div class=\"elementor-spacer-inner\"><\/div>\n\t\t<\/div>\n\t\t\t\t\t\t<\/div>\n\t\t\t\t<\/div>\n\t\t\t\t\t<\/div>\n\t\t<\/div>\n\t\t\t\t\t<\/div>\n\t\t<\/section>\n\t\t\t\t<section class=\"elementor-section elementor-top-section elementor-element elementor-element-e65467f elementor-section-boxed elementor-section-height-default elementor-section-height-default\" data-id=\"e65467f\" data-element_type=\"section\">\n\t\t\t\t\t\t<div class=\"elementor-container elementor-column-gap-default\">\n\t\t\t\t\t<div class=\"elementor-column elementor-col-66 elementor-top-column elementor-element elementor-element-48c13c9\" data-id=\"48c13c9\" data-element_type=\"column\">\n\t\t\t<div class=\"elementor-widget-wrap elementor-element-populated\">\n\t\t\t\t\t\t<div class=\"elementor-element elementor-element-3b7a9ca elementor-widget elementor-widget-image\" data-id=\"3b7a9ca\" data-element_type=\"widget\" data-widget_type=\"image.default\">\n\t\t\t\t<div class=\"elementor-widget-container\">\n\t\t\t\t\t\t\t\t\t\t\t\t\t\t\t<img data-opt-src=\"https:\/\/mlbp1smhvtqs.i.optimole.com\/w:auto\/h:auto\/q:mauto\/f:best\/id:868e566f068ab1a466e046d67e0dbc0d\/https:\/\/www.fssbrasil.com.br\/fss3.jpeg\"  decoding=\"async\" width=\"626\" height=\"507\" src=\"https:\/\/mlbp1smhvtqs.i.optimole.com\/w:auto\/h:auto\/q:eco\/f:best\/id:868e566f068ab1a466e046d67e0dbc0d\/https:\/\/www.fssbrasil.com.br\/fss3.jpeg\" class=\"attachment-large size-large wp-image-2476\" alt=\"\" old-srcset=\"https:\/\/mlbp1smhvtqs.i.optimole.com\/w:300\/h:243\/q:mauto\/f:best\/id:868e566f068ab1a466e046d67e0dbc0d\/https:\/\/www.fssbrasil.com.br\/fss3.jpeg 300w, https:\/\/mlbp1smhvtqs.i.optimole.com\/w:auto\/h:auto\/q:mauto\/f:best\/id:868e566f068ab1a466e046d67e0dbc0d\/https:\/\/www.fssbrasil.com.br\/fss3.jpeg 626w\" \/>\t\t\t\t\t\t\t\t\t\t\t\t\t\t\t<\/div>\n\t\t\t\t<\/div>\n\t\t\t\t\t<\/div>\n\t\t<\/div>\n\t\t\t\t<div class=\"elementor-column elementor-col-33 elementor-top-column elementor-element elementor-element-fa7017c\" data-id=\"fa7017c\" data-element_type=\"column\">\n\t\t\t<div class=\"elementor-widget-wrap elementor-element-populated\">\n\t\t\t\t\t\t<div class=\"elementor-element elementor-element-f0b4cdf elementor-widget elementor-widget-text-editor\" data-id=\"f0b4cdf\" data-element_type=\"widget\" data-widget_type=\"text-editor.default\">\n\t\t\t\t<div class=\"elementor-widget-container\">\n\t\t\t\t\t\t\t\t\tS\u00e3o Jos\u00e9 dos Campos, Brasil \u2013 A FSS Brasil assinou hoje um novo contrato com o CCA-SJ e o CELOG (Centro de Computa\u00e7\u00e3o da Aeron\u00e1utica de S\u00e3o Jos\u00e9 dos Campos e Centro Log\u00edstico da Aeron\u00e1utica), OMs da For\u00e7a A\u00e9rea Brasileira. Este tem em seu escopo o fornecimento de Apoio Log\u00edstico Contratado ao simulador tipo Full Flight Simulator C-105 \u201cAmazonas\u201d (EADS CASA C-295) fabricado pela CAE Defense &amp; Security, baseado em Manaus, Estado do Amazonas, por um ano.\n<\/br>\n<\/br>\nSob este contrato, a FSS Brasil se compromete a manter alto desempenho e disponibilidade do sistema de simula\u00e7\u00e3o, incluindo sua complexa estrutura de TI e instala\u00e7\u00f5es prediais, fornecendo servi\u00e7os especializados de engenharia e suporte log\u00edstico a este prestigiado cliente.\n<\/br>\n<\/br>\nA FSS Brasil &#8211; Flight Simulator System atua em estreita parceria com a Compro Computer Services, Inc., com sede em Melbourne, Florida (USA), l\u00edder no desenvolvimento de sistemas de computadores em Tempo Real, de sistemas de simula\u00e7\u00e3o e de servi\u00e7os de manuten\u00e7\u00e3o de v\u00e1rios fabricantes.\n<\/br>\n<\/br>\nFundada em 1995, e desde 2018 estabelecida na cidade de Vinhedo, SP, a FSS Brasil re\u00fane hoje uma expertise \u00fanica no Brasil, brindando servi\u00e7os de manuten\u00e7\u00e3o e de desenvolvimento de software e ferramentas auxiliares com foco na \u00e1rea de Modelagem e Simula\u00e7\u00e3o.\n<\/br>\n<\/br>\nDesenvolvida pela FSS Brasil, a plataforma MUSE (Modular Universal Simulation Environment) inclui capacidades de um CGF (Computer Generated Forces), Gera\u00e7\u00e3o de Imagem 3D, incorpora\u00e7\u00e3o de sensores simulados baseados em f\u00edsica (COMPRO RTK &#8211; Radar Toolkit) e a configura\u00e7\u00e3o de cen\u00e1rios de combate, com aplica\u00e7\u00e3o no desenvolvimento desde simuladores man-in-the-loop at\u00e9 sistemas de simula\u00e7\u00e3o construtiva para an\u00e1lise operacional, estimula\u00e7\u00e3o de exerc\u00edcios de combate e an\u00e1lise de cursos de a\u00e7\u00e3o.\t\t\t\t\t\t\t\t<\/div>\n\t\t\t\t<\/div>\n\t\t\t\t\t<\/div>\n\t\t<\/div>\n\t\t\t\t\t<\/div>\n\t\t<\/section>\n\t\t\t\t<\/div>\n\t\t","protected":false},"excerpt":{"rendered":"<p>Not\u00edcias A FSS Brasil &#8211; Flight Simulator System finalizou sua participa\u00e7\u00e3o em mais uma excelente LAAD Defence and Security. Gostar\u00edamos de aproveitar este espa\u00e7o para agradecer pelas visitas de todas as autoridades brasileiras e de todo o mundo, interessadas em nossas solu\u00e7\u00f5es e servi\u00e7os. Durante a feira, demonstramos aplica\u00e7\u00f5es da nossa MUSE Su\u00edte, que incluem &hellip;<\/p>\n<p class=\"read-more\"> <a class=\"\" href=\"https:\/\/www.fssbrasil.com.br\/site\/noticias\/\"> <span class=\"screen-reader-text\">Not\u00edcias<\/span> Read More &raquo;<\/a><\/p>\n","protected":false},"author":1,"featured_media":0,"parent":0,"menu_order":0,"comment_status":"closed","ping_status":"closed","template":"","meta":{"footnotes":""},"class_list":["post-2458","page","type-page","status-publish","hentry"],"_links":{"self":[{"href":"https:\/\/www.fssbrasil.com.br\/site\/wp-json\/wp\/v2\/pages\/2458","targetHints":{"allow":["GET"]}}],"collection":[{"href":"https:\/\/www.fssbrasil.com.br\/site\/wp-json\/wp\/v2\/pages"}],"about":[{"href":"https:\/\/www.fssbrasil.com.br\/site\/wp-json\/wp\/v2\/types\/page"}],"author":[{"embeddable":true,"href":"https:\/\/www.fssbrasil.com.br\/site\/wp-json\/wp\/v2\/users\/1"}],"replies":[{"embeddable":true,"href":"https:\/\/www.fssbrasil.com.br\/site\/wp-json\/wp\/v2\/comments?post=2458"}],"version-history":[{"count":10,"href":"https:\/\/www.fssbrasil.com.br\/site\/wp-json\/wp\/v2\/pages\/2458\/revisions"}],"predecessor-version":[{"id":2485,"href":"https:\/\/www.fssbrasil.com.br\/site\/wp-json\/wp\/v2\/pages\/2458\/revisions\/2485"}],"wp:attachment":[{"href":"https:\/\/www.fssbrasil.com.br\/site\/wp-json\/wp\/v2\/media?parent=2458"}],"curies":[{"name":"wp","href":"https:\/\/api.w.org\/{rel}","templated":true}]}}