{"id":2456,"date":"2023-12-06T19:50:57","date_gmt":"2023-12-06T19:50:57","guid":{"rendered":"https:\/\/www.fssbrasil.com.br\/site\/?page_id=2456"},"modified":"2023-12-07T14:35:43","modified_gmt":"2023-12-07T14:35:43","slug":"museig","status":"publish","type":"page","link":"https:\/\/www.fssbrasil.com.br\/site\/museig\/","title":{"rendered":"MuseIG"},"content":{"rendered":"\t\t<div data-elementor-type=\"wp-page\" data-elementor-id=\"2456\" class=\"elementor elementor-2456\">\n\t\t\t\t\t\t<section class=\"elementor-section elementor-top-section elementor-element elementor-element-f9a90e7 elementor-section-boxed elementor-section-height-default elementor-section-height-default\" data-id=\"f9a90e7\" data-element_type=\"section\" data-settings=\"{&quot;background_background&quot;:&quot;slideshow&quot;,&quot;background_slideshow_gallery&quot;:[],&quot;background_slideshow_loop&quot;:&quot;yes&quot;,&quot;background_slideshow_slide_duration&quot;:5000,&quot;background_slideshow_slide_transition&quot;:&quot;fade&quot;,&quot;background_slideshow_transition_duration&quot;:500}\">\n\t\t\t\t\t\t<div class=\"elementor-container elementor-column-gap-default\">\n\t\t\t\t\t<div class=\"elementor-column elementor-col-100 elementor-top-column elementor-element elementor-element-6fd4d0e\" data-id=\"6fd4d0e\" data-element_type=\"column\">\n\t\t\t<div class=\"elementor-widget-wrap elementor-element-populated\">\n\t\t\t\t\t\t<div class=\"elementor-element elementor-element-3563ffa elementor-widget elementor-widget-heading\" data-id=\"3563ffa\" data-element_type=\"widget\" data-widget_type=\"heading.default\">\n\t\t\t\t<div class=\"elementor-widget-container\">\n\t\t\t\t\t<h1 class=\"elementor-heading-title elementor-size-default\">MuseIG<\/h1>\t\t\t\t<\/div>\n\t\t\t\t<\/div>\n\t\t\t\t\t<\/div>\n\t\t<\/div>\n\t\t\t\t\t<\/div>\n\t\t<\/section>\n\t\t\t\t<section class=\"elementor-section elementor-top-section elementor-element elementor-element-61cadc0 elementor-section-boxed elementor-section-height-default elementor-section-height-default\" data-id=\"61cadc0\" data-element_type=\"section\">\n\t\t\t\t\t\t<div class=\"elementor-container elementor-column-gap-default\">\n\t\t\t\t\t<div class=\"elementor-column elementor-col-100 elementor-top-column elementor-element elementor-element-f8a859e\" data-id=\"f8a859e\" data-element_type=\"column\">\n\t\t\t<div class=\"elementor-widget-wrap elementor-element-populated\">\n\t\t\t\t\t\t<div class=\"elementor-element elementor-element-79db37d elementor-widget elementor-widget-spacer\" data-id=\"79db37d\" data-element_type=\"widget\" data-widget_type=\"spacer.default\">\n\t\t\t\t<div class=\"elementor-widget-container\">\n\t\t\t\t\t\t\t<div class=\"elementor-spacer\">\n\t\t\t<div class=\"elementor-spacer-inner\"><\/div>\n\t\t<\/div>\n\t\t\t\t\t\t<\/div>\n\t\t\t\t<\/div>\n\t\t\t\t<div class=\"elementor-element elementor-element-ea1b0aa elementor-widget elementor-widget-text-editor\" data-id=\"ea1b0aa\" data-element_type=\"widget\" data-widget_type=\"text-editor.default\">\n\t\t\t\t<div class=\"elementor-widget-container\">\n\t\t\t\t\t\t\t\t\t<p>O <b>MuseIG<\/b> (Modular Universal Simulation Environment Image Generator) \u00e9 um gerador de imagem de simula\u00e7\u00e3o de voo baseado no OpenSceneGraph, que apresenta capacidade multiplataforma, de alta performance e compatibilidade com diversos tipos de modelos 3D, projetado para ser f\u00e1cil de usar, leve e modularizado atrav\u00e9s de plug-ins.<\/p>\t\t\t\t\t\t\t\t<\/div>\n\t\t\t\t<\/div>\n\t\t\t\t\t<\/div>\n\t\t<\/div>\n\t\t\t\t\t<\/div>\n\t\t<\/section>\n\t\t\t\t<section class=\"elementor-section elementor-top-section elementor-element elementor-element-6e2d73c elementor-section-boxed elementor-section-height-default elementor-section-height-default\" data-id=\"6e2d73c\" data-element_type=\"section\">\n\t\t\t\t\t\t<div class=\"elementor-container elementor-column-gap-default\">\n\t\t\t\t\t<div class=\"elementor-column elementor-col-50 elementor-top-column elementor-element elementor-element-e380532\" data-id=\"e380532\" data-element_type=\"column\">\n\t\t\t<div class=\"elementor-widget-wrap elementor-element-populated\">\n\t\t\t\t\t\t<div class=\"elementor-element elementor-element-b1005b0 elementor-widget elementor-widget-text-editor\" data-id=\"b1005b0\" data-element_type=\"widget\" data-widget_type=\"text-editor.default\">\n\t\t\t\t<div class=\"elementor-widget-container\">\n\t\t\t\t\t\t\t\t\t<u><b>Vantagens do MuseIG<\/b><\/u>\n<\/br>\n<\/br>\n<ul>\n \t<li>Aplica\u00e7\u00f5es de OTW (out-the-window) s\u00e3o desenvolvidas facilmente, com classes e m\u00e9todos configur\u00e1veis aos diferentes tipos de visualiza\u00e7\u00e3o;<\/li>\n \t<li>Manipule livremente a c\u00e2mera ou a deixe travada com configura\u00e7\u00f5es de posi\u00e7\u00e3o, perspectiva, campo visual, entre outras;<\/li>\n \t<li>Construa cenas com rapidez utilizando scripts de texto simples;<\/li>\n \t<li>Controle as entidades na cena atrav\u00e9s de identificadores, para adicionar, remover e movimentar em tempo real;<\/li>\n \t<li>Utilize combina\u00e7\u00f5es de plug-ins como quiser ou crie espec\u00edficos conforme a necessidade.<\/li>\n<\/ul>\t\t\t\t\t\t\t\t<\/div>\n\t\t\t\t<\/div>\n\t\t\t\t\t<\/div>\n\t\t<\/div>\n\t\t\t\t<div class=\"elementor-column elementor-col-50 elementor-top-column elementor-element elementor-element-cdef10e\" data-id=\"cdef10e\" data-element_type=\"column\">\n\t\t\t<div class=\"elementor-widget-wrap elementor-element-populated\">\n\t\t\t\t\t\t<div class=\"elementor-element elementor-element-ac4bcde elementor-widget elementor-widget-text-editor\" data-id=\"ac4bcde\" data-element_type=\"widget\" data-widget_type=\"text-editor.default\">\n\t\t\t\t<div class=\"elementor-widget-container\">\n\t\t\t\t\t\t\t\t\t<u><b>Plug-ins atualmente dispon\u00edveis<\/b><\/u>\n<\/br>\n<\/br>\n<ul>\n \t<li><b>SilverLining: <\/b> utiliza a biblioteca SilverLining da Sundog Software para integrar simula\u00e7\u00e3o atmosf\u00e9rica, incluindo ciclo de dia e noite, nuvens e mais;<\/li>\n \t<li><b>ModelComposition: <\/b> unifique modelos controlados separadanete em um modo de entidade\/subentidades a partir de arquivos XML;<\/li>\n \t<li><b>Animation: <\/b>adiciona suporte para anima\u00e7\u00f5es simples atrav\u00e9s de callbacks;<\/li>\n \t<li><b>VDBOffset: <\/b> auxilia na manipula\u00e7\u00e3o de grandes terrenos para evitar artefatos de renderiza\u00e7\u00e3o, deslocando a parte visual com um valor de offset ajust\u00e1vel;<\/li>\n \t<li><b>GPUVegetation: <\/b> implementa vegeta\u00e7\u00e3o simples, gerada na GPU do sistema;<\/li>\n \t<li><b>ForwardPlugLighting: <\/b> fornece a capacidade de trabalhar com uma quantidade praticamente ilimitada de luzes na cena;<\/li>\n \t<li><b>SimpleLighting: <\/b> manipulador de luzes mais simples, como alternativa ao ForwardPlusLinghting;<\/li>\n \t<li><b>LightsControl: <\/b> converte pontos de luz do terreno para integrar ao ForwardPlusLighting;<\/li>\n \t<li><b>SkyDome:<\/b> adiciona suporte para usar texturas de modelos de c\u00e9u, como alternativa ao SilverLining;<\/li>\n \t<li><b>FBXAnimation:<\/b> suporte para anima\u00e7\u00f5es do padr\u00e3o FBX;<\/li>\n \t<li><b>OSGParticleEffects:<\/b> adiciona efeitos de part\u00edculas dispon\u00edveis no OpenSceneGraph;<\/li>\n \t<li><b>Triton:<\/b> utiliza a biblioteca Triton da Sundog Software para criar corpos aqu\u00e1ticos realistas na cena;<\/li>\n \t<li><b>CIGI:<\/b> permite transmitir dados de imagem de simula\u00e7\u00e3o por rede atrav\u00e9s do padr\u00e3o CIGI (Common Image Generator Interface).<\/li>\n<\/ul>\t\t\t\t\t\t\t\t<\/div>\n\t\t\t\t<\/div>\n\t\t\t\t\t<\/div>\n\t\t<\/div>\n\t\t\t\t\t<\/div>\n\t\t<\/section>\n\t\t\t\t<section class=\"elementor-section elementor-top-section elementor-element elementor-element-dc952bf elementor-section-boxed elementor-section-height-default elementor-section-height-default\" data-id=\"dc952bf\" data-element_type=\"section\">\n\t\t\t\t\t\t<div class=\"elementor-container elementor-column-gap-default\">\n\t\t\t\t\t<div class=\"elementor-column elementor-col-33 elementor-top-column elementor-element elementor-element-b431c7b\" data-id=\"b431c7b\" data-element_type=\"column\">\n\t\t\t<div class=\"elementor-widget-wrap\">\n\t\t\t\t\t\t\t<\/div>\n\t\t<\/div>\n\t\t\t\t<div class=\"elementor-column elementor-col-33 elementor-top-column elementor-element elementor-element-d9c8df7\" data-id=\"d9c8df7\" data-element_type=\"column\">\n\t\t\t<div class=\"elementor-widget-wrap elementor-element-populated\">\n\t\t\t\t\t\t<div class=\"elementor-element elementor-element-3ede1fc elementor-widget elementor-widget-spacer\" data-id=\"3ede1fc\" data-element_type=\"widget\" data-widget_type=\"spacer.default\">\n\t\t\t\t<div class=\"elementor-widget-container\">\n\t\t\t\t\t\t\t<div class=\"elementor-spacer\">\n\t\t\t<div class=\"elementor-spacer-inner\"><\/div>\n\t\t<\/div>\n\t\t\t\t\t\t<\/div>\n\t\t\t\t<\/div>\n\t\t\t\t<div class=\"elementor-element elementor-element-de39e64 elementor-arrows-position-outside elementor-pagination-position-inside elementor-widget__width-inherit elementor-widget elementor-widget-image-carousel\" data-id=\"de39e64\" data-element_type=\"widget\" data-settings=\"{&quot;slides_to_show&quot;:&quot;1&quot;,&quot;autoplay_speed&quot;:3000,&quot;effect&quot;:&quot;fade&quot;,&quot;speed&quot;:300,&quot;navigation&quot;:&quot;both&quot;,&quot;autoplay&quot;:&quot;yes&quot;,&quot;pause_on_hover&quot;:&quot;yes&quot;,&quot;pause_on_interaction&quot;:&quot;yes&quot;,&quot;infinite&quot;:&quot;yes&quot;}\" data-widget_type=\"image-carousel.default\">\n\t\t\t\t<div class=\"elementor-widget-container\">\n\t\t\t\t\t\t\t<div class=\"elementor-image-carousel-wrapper swiper\" role=\"region\" aria-roledescription=\"carousel\" aria-label=\"Carrossel de imagens\" dir=\"ltr\">\n\t\t\t<div class=\"elementor-image-carousel swiper-wrapper swiper-image-stretch\" aria-live=\"off\">\n\t\t\t\t\t\t\t\t<div class=\"swiper-slide\" role=\"group\" aria-roledescription=\"slide\" aria-label=\"1 of 7\"><figure class=\"swiper-slide-inner\"><img fetchpriority=\"high\" decoding=\"async\" class=\"swiper-slide-image\" src=\"https:\/\/mlbp1smhvtqs.i.optimole.com\/w:768\/h:432\/q:mauto\/f:best\/id:ed1da90ea0eb9ce1ec8864af4b0ff28e\/https:\/\/www.fssbrasil.com.br\/imagegenerationIRandEO.png\" alt=\"imagegenerationIRandEO\" \/><\/figure><\/div><div class=\"swiper-slide\" role=\"group\" aria-roledescription=\"slide\" aria-label=\"2 of 7\"><figure class=\"swiper-slide-inner\"><img fetchpriority=\"high\" decoding=\"async\" class=\"swiper-slide-image\" src=\"https:\/\/mlbp1smhvtqs.i.optimole.com\/w:768\/h:418\/q:mauto\/f:best\/id:989fc9f8f30b190b9c1e5558cf76ffd7\/https:\/\/www.fssbrasil.com.br\/museshot.png\" alt=\"museshot\" \/><\/figure><\/div><div class=\"swiper-slide\" role=\"group\" aria-roledescription=\"slide\" aria-label=\"3 of 7\"><figure class=\"swiper-slide-inner\"><img fetchpriority=\"high\" decoding=\"async\" class=\"swiper-slide-image\" src=\"https:\/\/mlbp1smhvtqs.i.optimole.com\/w:768\/h:418\/q:mauto\/f:best\/id:44a7bf84dd4dccf8599253b7d6e0f86f\/https:\/\/www.fssbrasil.com.br\/museshot3.png\" alt=\"museshot3\" \/><\/figure><\/div><div class=\"swiper-slide\" role=\"group\" aria-roledescription=\"slide\" aria-label=\"4 of 7\"><figure class=\"swiper-slide-inner\"><img data-opt-src=\"https:\/\/mlbp1smhvtqs.i.optimole.com\/w:768\/h:418\/q:mauto\/f:best\/id:d043977f28d994e1fa19d90c0502406a\/https:\/\/www.fssbrasil.com.br\/museshot5.png\"  decoding=\"async\" class=\"swiper-slide-image\" src=\"https:\/\/mlbp1smhvtqs.i.optimole.com\/w:768\/h:418\/q:eco\/f:best\/id:d043977f28d994e1fa19d90c0502406a\/https:\/\/www.fssbrasil.com.br\/museshot5.png\" alt=\"museshot5\" \/><\/figure><\/div><div class=\"swiper-slide\" role=\"group\" aria-roledescription=\"slide\" aria-label=\"5 of 7\"><figure class=\"swiper-slide-inner\"><img data-opt-src=\"https:\/\/mlbp1smhvtqs.i.optimole.com\/w:768\/h:418\/q:mauto\/f:best\/id:9164713eb3aad785b09fe91a53f86a55\/https:\/\/www.fssbrasil.com.br\/museshot7.png\"  decoding=\"async\" class=\"swiper-slide-image\" src=\"https:\/\/mlbp1smhvtqs.i.optimole.com\/w:768\/h:418\/q:eco\/f:best\/id:9164713eb3aad785b09fe91a53f86a55\/https:\/\/www.fssbrasil.com.br\/museshot7.png\" alt=\"museshot7\" \/><\/figure><\/div><div class=\"swiper-slide\" role=\"group\" aria-roledescription=\"slide\" aria-label=\"6 of 7\"><figure class=\"swiper-slide-inner\"><img data-opt-src=\"https:\/\/mlbp1smhvtqs.i.optimole.com\/w:768\/h:432\/q:mauto\/f:best\/id:4d28cc36936e397b096193470187a7b5\/https:\/\/www.fssbrasil.com.br\/museshot11.jpg\"  decoding=\"async\" class=\"swiper-slide-image\" src=\"https:\/\/mlbp1smhvtqs.i.optimole.com\/w:768\/h:432\/q:eco\/f:best\/id:4d28cc36936e397b096193470187a7b5\/https:\/\/www.fssbrasil.com.br\/museshot11.jpg\" alt=\"museshot11\" \/><\/figure><\/div><div class=\"swiper-slide\" role=\"group\" aria-roledescription=\"slide\" aria-label=\"7 of 7\"><figure class=\"swiper-slide-inner\"><img data-opt-src=\"https:\/\/mlbp1smhvtqs.i.optimole.com\/w:768\/h:499\/q:mauto\/f:best\/id:0fa51263e1bc3c96d94d00b3573577bb\/https:\/\/www.fssbrasil.com.br\/imagegenerationTakeoff.png\"  decoding=\"async\" class=\"swiper-slide-image\" src=\"https:\/\/mlbp1smhvtqs.i.optimole.com\/w:768\/h:499\/q:eco\/f:best\/id:0fa51263e1bc3c96d94d00b3573577bb\/https:\/\/www.fssbrasil.com.br\/imagegenerationTakeoff.png\" alt=\"imagegenerationTakeoff\" \/><\/figure><\/div>\t\t\t<\/div>\n\t\t\t\t\t\t\t\t\t\t\t\t<div class=\"elementor-swiper-button elementor-swiper-button-prev\" role=\"button\" tabindex=\"0\">\n\t\t\t\t\t\t<i aria-hidden=\"true\" class=\"eicon-chevron-left\"><\/i>\t\t\t\t\t<\/div>\n\t\t\t\t\t<div class=\"elementor-swiper-button elementor-swiper-button-next\" role=\"button\" tabindex=\"0\">\n\t\t\t\t\t\t<i aria-hidden=\"true\" class=\"eicon-chevron-right\"><\/i>\t\t\t\t\t<\/div>\n\t\t\t\t\n\t\t\t\t\t\t\t\t\t<div class=\"swiper-pagination\"><\/div>\n\t\t\t\t\t\t\t\t\t<\/div>\n\t\t\t\t\t\t<\/div>\n\t\t\t\t<\/div>\n\t\t\t\t\t<\/div>\n\t\t<\/div>\n\t\t\t\t<div class=\"elementor-column elementor-col-33 elementor-top-column elementor-element elementor-element-0b14f3f\" data-id=\"0b14f3f\" data-element_type=\"column\">\n\t\t\t<div class=\"elementor-widget-wrap\">\n\t\t\t\t\t\t\t<\/div>\n\t\t<\/div>\n\t\t\t\t\t<\/div>\n\t\t<\/section>\n\t\t\t\t<section class=\"elementor-section elementor-top-section elementor-element elementor-element-413dfdb elementor-section-boxed elementor-section-height-default elementor-section-height-default\" data-id=\"413dfdb\" data-element_type=\"section\">\n\t\t\t\t\t\t<div class=\"elementor-container elementor-column-gap-default\">\n\t\t\t\t\t<div class=\"elementor-column elementor-col-100 elementor-top-column elementor-element elementor-element-067bedd\" data-id=\"067bedd\" data-element_type=\"column\">\n\t\t\t<div class=\"elementor-widget-wrap elementor-element-populated\">\n\t\t\t\t\t\t<div class=\"elementor-element elementor-element-9db22bd elementor-widget elementor-widget-spacer\" data-id=\"9db22bd\" data-element_type=\"widget\" data-widget_type=\"spacer.default\">\n\t\t\t\t<div class=\"elementor-widget-container\">\n\t\t\t\t\t\t\t<div class=\"elementor-spacer\">\n\t\t\t<div class=\"elementor-spacer-inner\"><\/div>\n\t\t<\/div>\n\t\t\t\t\t\t<\/div>\n\t\t\t\t<\/div>\n\t\t\t\t\t<\/div>\n\t\t<\/div>\n\t\t\t\t\t<\/div>\n\t\t<\/section>\n\t\t\t\t<section class=\"elementor-section elementor-top-section elementor-element elementor-element-6a17dad elementor-section-boxed elementor-section-height-default elementor-section-height-default\" data-id=\"6a17dad\" data-element_type=\"section\">\n\t\t\t\t\t\t<div class=\"elementor-container elementor-column-gap-default\">\n\t\t\t\t\t<div class=\"elementor-column elementor-col-100 elementor-top-column elementor-element elementor-element-829d34a\" data-id=\"829d34a\" data-element_type=\"column\">\n\t\t\t<div class=\"elementor-widget-wrap elementor-element-populated\">\n\t\t\t\t\t\t<div class=\"elementor-element elementor-element-34e7cc5 elementor-widget elementor-widget-heading\" data-id=\"34e7cc5\" data-element_type=\"widget\" data-widget_type=\"heading.default\">\n\t\t\t\t<div class=\"elementor-widget-container\">\n\t\t\t\t\t<p class=\"elementor-heading-title elementor-size-large\">Aplica\u00e7\u00f5es do MuseIG nos produtos da FSS:<\/p>\t\t\t\t<\/div>\n\t\t\t\t<\/div>\n\t\t\t\t<div class=\"elementor-element elementor-element-2e2e8c1 elementor-widget elementor-widget-spacer\" data-id=\"2e2e8c1\" data-element_type=\"widget\" data-widget_type=\"spacer.default\">\n\t\t\t\t<div class=\"elementor-widget-container\">\n\t\t\t\t\t\t\t<div class=\"elementor-spacer\">\n\t\t\t<div class=\"elementor-spacer-inner\"><\/div>\n\t\t<\/div>\n\t\t\t\t\t\t<\/div>\n\t\t\t\t<\/div>\n\t\t\t\t\t<\/div>\n\t\t<\/div>\n\t\t\t\t\t<\/div>\n\t\t<\/section>\n\t\t\t\t<section class=\"elementor-section elementor-top-section elementor-element elementor-element-5a12b90 elementor-section-boxed elementor-section-height-default elementor-section-height-default\" data-id=\"5a12b90\" data-element_type=\"section\">\n\t\t\t\t\t\t<div class=\"elementor-container elementor-column-gap-default\">\n\t\t\t\t\t<div class=\"elementor-column elementor-col-50 elementor-top-column elementor-element elementor-element-8d8bee0\" data-id=\"8d8bee0\" data-element_type=\"column\">\n\t\t\t<div class=\"elementor-widget-wrap elementor-element-populated\">\n\t\t\t\t\t\t<div class=\"elementor-element elementor-element-225a5bf elementor-widget elementor-widget-video\" data-id=\"225a5bf\" data-element_type=\"widget\" data-settings=\"{&quot;youtube_url&quot;:&quot;https:\\\/\\\/youtu.be\\\/slA4vK8ZBAc?si=6qk-1ON_D2Vi3Lga&quot;,&quot;video_type&quot;:&quot;youtube&quot;,&quot;controls&quot;:&quot;yes&quot;}\" data-widget_type=\"video.default\">\n\t\t\t\t<div class=\"elementor-widget-container\">\n\t\t\t\t\t\t\t<div class=\"elementor-wrapper elementor-open-inline\">\n\t\t\t<div class=\"elementor-video\"><\/div>\t\t<\/div>\n\t\t\t\t\t\t<\/div>\n\t\t\t\t<\/div>\n\t\t\t\t\t<\/div>\n\t\t<\/div>\n\t\t\t\t<div class=\"elementor-column elementor-col-50 elementor-top-column elementor-element elementor-element-a981b6a\" data-id=\"a981b6a\" data-element_type=\"column\">\n\t\t\t<div class=\"elementor-widget-wrap elementor-element-populated\">\n\t\t\t\t\t\t<div class=\"elementor-element elementor-element-ab2b80e elementor-widget elementor-widget-video\" data-id=\"ab2b80e\" data-element_type=\"widget\" data-settings=\"{&quot;youtube_url&quot;:&quot;https:\\\/\\\/youtu.be\\\/LJA2MsQAeqc?si=yXP-1qzmMNmvziq-&quot;,&quot;video_type&quot;:&quot;youtube&quot;,&quot;controls&quot;:&quot;yes&quot;}\" data-widget_type=\"video.default\">\n\t\t\t\t<div class=\"elementor-widget-container\">\n\t\t\t\t\t\t\t<div class=\"elementor-wrapper elementor-open-inline\">\n\t\t\t<div class=\"elementor-video\"><\/div>\t\t<\/div>\n\t\t\t\t\t\t<\/div>\n\t\t\t\t<\/div>\n\t\t\t\t\t<\/div>\n\t\t<\/div>\n\t\t\t\t\t<\/div>\n\t\t<\/section>\n\t\t\t\t<section class=\"elementor-section elementor-top-section elementor-element elementor-element-7186bf6 elementor-section-boxed elementor-section-height-default elementor-section-height-default\" data-id=\"7186bf6\" data-element_type=\"section\">\n\t\t\t\t\t\t<div class=\"elementor-container elementor-column-gap-default\">\n\t\t\t\t\t<div class=\"elementor-column elementor-col-100 elementor-top-column elementor-element elementor-element-43ac116\" data-id=\"43ac116\" data-element_type=\"column\">\n\t\t\t<div class=\"elementor-widget-wrap elementor-element-populated\">\n\t\t\t\t\t\t<div class=\"elementor-element elementor-element-02519f3 elementor-widget elementor-widget-spacer\" data-id=\"02519f3\" data-element_type=\"widget\" data-widget_type=\"spacer.default\">\n\t\t\t\t<div class=\"elementor-widget-container\">\n\t\t\t\t\t\t\t<div class=\"elementor-spacer\">\n\t\t\t<div class=\"elementor-spacer-inner\"><\/div>\n\t\t<\/div>\n\t\t\t\t\t\t<\/div>\n\t\t\t\t<\/div>\n\t\t\t\t\t<\/div>\n\t\t<\/div>\n\t\t\t\t\t<\/div>\n\t\t<\/section>\n\t\t\t\t<section class=\"elementor-section elementor-top-section elementor-element elementor-element-64f9f77 elementor-section-boxed elementor-section-height-default elementor-section-height-default\" data-id=\"64f9f77\" data-element_type=\"section\">\n\t\t\t\t\t\t<div class=\"elementor-container elementor-column-gap-default\">\n\t\t\t\t\t<div class=\"elementor-column elementor-col-50 elementor-top-column elementor-element elementor-element-8a4617d\" data-id=\"8a4617d\" data-element_type=\"column\">\n\t\t\t<div class=\"elementor-widget-wrap elementor-element-populated\">\n\t\t\t\t\t\t<div class=\"elementor-element elementor-element-6941644 elementor-widget elementor-widget-video\" data-id=\"6941644\" data-element_type=\"widget\" data-settings=\"{&quot;youtube_url&quot;:&quot;https:\\\/\\\/youtu.be\\\/_m-To_Lbvs4?si=63GCXRkHmUxYLgDT&quot;,&quot;video_type&quot;:&quot;youtube&quot;,&quot;controls&quot;:&quot;yes&quot;}\" data-widget_type=\"video.default\">\n\t\t\t\t<div class=\"elementor-widget-container\">\n\t\t\t\t\t\t\t<div class=\"elementor-wrapper elementor-open-inline\">\n\t\t\t<div class=\"elementor-video\"><\/div>\t\t<\/div>\n\t\t\t\t\t\t<\/div>\n\t\t\t\t<\/div>\n\t\t\t\t\t<\/div>\n\t\t<\/div>\n\t\t\t\t<div class=\"elementor-column elementor-col-50 elementor-top-column elementor-element elementor-element-f2849f5\" data-id=\"f2849f5\" data-element_type=\"column\">\n\t\t\t<div class=\"elementor-widget-wrap elementor-element-populated\">\n\t\t\t\t\t\t<div class=\"elementor-element elementor-element-c23c31e elementor-widget elementor-widget-video\" data-id=\"c23c31e\" data-element_type=\"widget\" data-settings=\"{&quot;youtube_url&quot;:&quot;https:\\\/\\\/youtu.be\\\/cv3QL6hVbZs?si=A9NNXMT3mv4LawOf&quot;,&quot;video_type&quot;:&quot;youtube&quot;,&quot;controls&quot;:&quot;yes&quot;}\" data-widget_type=\"video.default\">\n\t\t\t\t<div class=\"elementor-widget-container\">\n\t\t\t\t\t\t\t<div class=\"elementor-wrapper elementor-open-inline\">\n\t\t\t<div class=\"elementor-video\"><\/div>\t\t<\/div>\n\t\t\t\t\t\t<\/div>\n\t\t\t\t<\/div>\n\t\t\t\t\t<\/div>\n\t\t<\/div>\n\t\t\t\t\t<\/div>\n\t\t<\/section>\n\t\t\t\t<section class=\"elementor-section elementor-top-section elementor-element elementor-element-ebc18a2 elementor-section-boxed elementor-section-height-default elementor-section-height-default\" data-id=\"ebc18a2\" data-element_type=\"section\">\n\t\t\t\t\t\t<div class=\"elementor-container elementor-column-gap-default\">\n\t\t\t\t\t<div class=\"elementor-column elementor-col-50 elementor-top-column elementor-element elementor-element-25b6ac7\" data-id=\"25b6ac7\" data-element_type=\"column\">\n\t\t\t<div class=\"elementor-widget-wrap elementor-element-populated\">\n\t\t\t\t\t\t<div class=\"elementor-element elementor-element-68d7819 elementor-widget elementor-widget-video\" data-id=\"68d7819\" data-element_type=\"widget\" data-settings=\"{&quot;youtube_url&quot;:&quot;https:\\\/\\\/youtu.be\\\/Hyw07NTwM0A?si=UCFZmtpcJkvhN6TB&quot;,&quot;video_type&quot;:&quot;youtube&quot;,&quot;controls&quot;:&quot;yes&quot;}\" data-widget_type=\"video.default\">\n\t\t\t\t<div class=\"elementor-widget-container\">\n\t\t\t\t\t\t\t<div class=\"elementor-wrapper elementor-open-inline\">\n\t\t\t<div class=\"elementor-video\"><\/div>\t\t<\/div>\n\t\t\t\t\t\t<\/div>\n\t\t\t\t<\/div>\n\t\t\t\t\t<\/div>\n\t\t<\/div>\n\t\t\t\t<div class=\"elementor-column elementor-col-50 elementor-top-column elementor-element elementor-element-fd98e5b\" data-id=\"fd98e5b\" data-element_type=\"column\">\n\t\t\t<div class=\"elementor-widget-wrap elementor-element-populated\">\n\t\t\t\t\t\t<div class=\"elementor-element elementor-element-cccd223 elementor-widget elementor-widget-video\" data-id=\"cccd223\" data-element_type=\"widget\" data-settings=\"{&quot;youtube_url&quot;:&quot;https:\\\/\\\/youtu.be\\\/Tb6hNlPQ6qE?si=4aerZWs6JHxv6h_h&quot;,&quot;video_type&quot;:&quot;youtube&quot;,&quot;controls&quot;:&quot;yes&quot;}\" data-widget_type=\"video.default\">\n\t\t\t\t<div class=\"elementor-widget-container\">\n\t\t\t\t\t\t\t<div class=\"elementor-wrapper elementor-open-inline\">\n\t\t\t<div class=\"elementor-video\"><\/div>\t\t<\/div>\n\t\t\t\t\t\t<\/div>\n\t\t\t\t<\/div>\n\t\t\t\t\t<\/div>\n\t\t<\/div>\n\t\t\t\t\t<\/div>\n\t\t<\/section>\n\t\t\t\t<\/div>\n\t\t","protected":false},"excerpt":{"rendered":"<p>MuseIG O MuseIG (Modular Universal Simulation Environment Image Generator) \u00e9 um gerador de imagem de simula\u00e7\u00e3o de voo baseado no OpenSceneGraph, que apresenta capacidade multiplataforma, de alta performance e compatibilidade com diversos tipos de modelos 3D, projetado para ser f\u00e1cil de usar, leve e modularizado atrav\u00e9s de plug-ins. Vantagens do MuseIG Aplica\u00e7\u00f5es de OTW (out-the-window) &hellip;<\/p>\n<p class=\"read-more\"> <a class=\"\" href=\"https:\/\/www.fssbrasil.com.br\/site\/museig\/\"> <span class=\"screen-reader-text\">MuseIG<\/span> Read More &raquo;<\/a><\/p>\n","protected":false},"author":1,"featured_media":0,"parent":0,"menu_order":0,"comment_status":"closed","ping_status":"closed","template":"","meta":{"footnotes":""},"class_list":["post-2456","page","type-page","status-publish","hentry"],"_links":{"self":[{"href":"https:\/\/www.fssbrasil.com.br\/site\/wp-json\/wp\/v2\/pages\/2456","targetHints":{"allow":["GET"]}}],"collection":[{"href":"https:\/\/www.fssbrasil.com.br\/site\/wp-json\/wp\/v2\/pages"}],"about":[{"href":"https:\/\/www.fssbrasil.com.br\/site\/wp-json\/wp\/v2\/types\/page"}],"author":[{"embeddable":true,"href":"https:\/\/www.fssbrasil.com.br\/site\/wp-json\/wp\/v2\/users\/1"}],"replies":[{"embeddable":true,"href":"https:\/\/www.fssbrasil.com.br\/site\/wp-json\/wp\/v2\/comments?post=2456"}],"version-history":[{"count":85,"href":"https:\/\/www.fssbrasil.com.br\/site\/wp-json\/wp\/v2\/pages\/2456\/revisions"}],"predecessor-version":[{"id":2583,"href":"https:\/\/www.fssbrasil.com.br\/site\/wp-json\/wp\/v2\/pages\/2456\/revisions\/2583"}],"wp:attachment":[{"href":"https:\/\/www.fssbrasil.com.br\/site\/wp-json\/wp\/v2\/media?parent=2456"}],"curies":[{"name":"wp","href":"https:\/\/api.w.org\/{rel}","templated":true}]}}